{"id":374,"date":"2025-03-26T14:08:42","date_gmt":"2025-03-26T12:08:42","guid":{"rendered":"https:\/\/primetier.pro\/risk-warning\/"},"modified":"2025-04-14T15:01:12","modified_gmt":"2025-04-14T12:01:12","slug":"risk-warning","status":"publish","type":"page","link":"https:\/\/primetier.pro\/tr\/risk-warning\/","title":{"rendered":"Risk Uyar\u0131s\u0131"},"content":{"rendered":"<p>PrimeTier, bu web sitesinin operat\u00f6r\u00fc olarak, fark s\u00f6zle\u015fmeleri (CFD&#8217;ler) ve Forex piyasas\u0131yla ilgili hizmetler sunmaktad\u0131r.\u0444<br \/>\nCFD ticareti y\u00fcksek riskler i\u00e7erir ve \u00f6nemli finansal kay\u0131plara yol a\u00e7abilir, bu da bu t\u00fcr yat\u0131r\u0131m\u0131 herkes i\u00e7in uygunsuz hale getirir. Olumsuz piyasa ko\u015fullar\u0131 durumunda, yat\u0131rd\u0131\u011f\u0131n\u0131z sermayenin tamam\u0131n\u0131 kaybetme olas\u0131l\u0131\u011f\u0131 vard\u0131r.<\/p>\n<p>Bu risk bildirimi, \u015eirket taraf\u0131ndan sa\u011flanan hizmetlerle ili\u015fkili t\u00fcm olas\u0131 riskleri kapsamaz. Amac\u0131, m\u00fc\u015fterileri son derece oynak varl\u0131klara yat\u0131r\u0131m yapmaktan ve \u015eirket&#8217;in hizmetlerini kullanmaktan kaynaklanan olas\u0131 ticaret ve ticaret d\u0131\u015f\u0131 riskler hakk\u0131nda bilgilendirmektir.<br \/>\nM\u00fc\u015fteri, CFD ticaretiyle ili\u015fkili risklere haz\u0131rl\u0131kl\u0131 de\u011filse veya bunlar\u0131 kabul edilemez buluyorsa, \u015eirket&#8217;in hizmetlerini kullanmay\u0131 derhal b\u0131rakmas\u0131 \u00f6nerilir.<\/p>\n<h2>Risk A\u00e7\u0131klamas\u0131<\/h2>\n<p>PrimeTier, bu web sitesinin operat\u00f6r\u00fc olarak, fark finansal s\u00f6zle\u015fmeleri (CFD&#8217;ler) ve Forex piyasas\u0131yla ilgili hizmetler sunmaktad\u0131r.<\/p>\n<p>CFD ticareti y\u00fcksek d\u00fczeyde risk i\u00e7erir ve \u00f6nemli finansal kay\u0131plara yol a\u00e7abilir. Bu t\u00fcr yat\u0131r\u0131m herkes i\u00e7in uygun de\u011fildir \u00e7\u00fcnk\u00fc yat\u0131rd\u0131\u011f\u0131n\u0131z t\u00fcm sermayeyi kaybetme olas\u0131l\u0131\u011f\u0131 vard\u0131r.<\/p>\n<p>Bu risk a\u00e7\u0131klamas\u0131, CFD ticaretini etkileyebilecek t\u00fcm olas\u0131 fakt\u00f6rleri kapsamaz. Amac\u0131, m\u00fc\u015fterileri son derece de\u011fi\u015fken varl\u0131klara yat\u0131r\u0131m yapman\u0131n ve \u015eirketin hizmetlerini kullanman\u0131n ili\u015fkili oldu\u011fu olas\u0131 ticaret ve ticaret d\u0131\u015f\u0131 riskler hakk\u0131nda bilgilendirmektir.<br \/>\nM\u00fc\u015fteri, CFD ticaretiyle ili\u015fkili riskleri kabul edilemez bulursa, \u015eirket taraf\u0131ndan sa\u011flanan hizmetleri kullanmay\u0131 b\u0131rakmas\u0131 \u00f6nerilir.<\/p>\n<h2>Marj ve Kald\u0131ra\u00e7 Kullan\u0131m\u0131<\/h2>\n<p>Bir CFD i\u015flemi a\u00e7mak i\u00e7in, M\u00fc\u015fteri yeterli bir marj seviyesini korumal\u0131d\u0131r. Kural olarak, marj toplam s\u00f6zle\u015fme de\u011ferinin yaln\u0131zca k\u00fc\u00e7\u00fck bir kesridir ve bu da \u00f6d\u00fcn\u00e7 al\u0131nan sermaye (kald\u0131ra\u00e7) kullan\u0131larak ticaret yap\u0131lmas\u0131na olanak tan\u0131r.<\/p>\n<p>Kald\u0131ra\u00e7la i\u015flem yaparken, herhangi bir, hatta k\u00fc\u00e7\u00fck bir piyasa hareketi M\u00fc\u015fterinin pozisyonlar\u0131n\u0131n de\u011ferini \u00f6nemli \u00f6l\u00e7\u00fcde etkileyebilir. Bu de\u011fi\u015fiklikler hem karlar\u0131 art\u0131rabilir hem de kay\u0131plara yol a\u00e7abilir.<\/p>\n<p>M\u00fc\u015fteri, i\u015flem faaliyetleri boyunca asgari marj gereksinimlerini korumak ve sermaye, kar ve zarar seviyelerini izlemek zorundad\u0131r. Olumsuz piyasa hareketleri veya marj gereksinimlerinde art\u0131\u015f olmas\u0131 durumunda, \u015eirket, gerekli fon seviyesini sa\u011flayamamas\u0131 durumunda M\u00fc\u015fterinin pozisyonlar\u0131ndan bir veya daha fazlas\u0131n\u0131 kapatma hakk\u0131n\u0131 sakl\u0131 tutar. Sonu\u00e7 olarak ortaya \u00e7\u0131kan herhangi bir kay\u0131p M\u00fc\u015fterinin sorumlulu\u011fundad\u0131r.<\/p>\n<p>Kald\u0131ra\u00e7 hem kar elde etmeyi hem de potansiyel zararlar\u0131n b\u00fcy\u00fcmesini h\u0131zland\u0131rd\u0131\u011f\u0131ndan, M\u00fc\u015fteri t\u00fcm a\u00e7\u0131k pozisyonlar\u0131 dikkatlice izlemeli ve piyasa de\u011fi\u015fikliklerine derhal tepki vermeye haz\u0131r olmal\u0131d\u0131r.<\/p>\n<h2>Teknik riskler<\/h2>\n<p>Elektronik i\u015flem platformunu kullan\u0131rken, M\u00fc\u015fteri donan\u0131m, yaz\u0131l\u0131m, sunucu sistemleri, \u0130nternet ba\u011flant\u0131s\u0131 ve ileti\u015fim kanallar\u0131yla ilgili sorunlar dahil olmak \u00fczere teknik ar\u0131zalarla kar\u015f\u0131la\u015fabilir. Bu t\u00fcr ar\u0131zalar durumunda, emirlerin y\u00fcr\u00fct\u00fclmesi gecikebilir, talep edilen fiyattan ger\u00e7ekle\u015ftirilmeyebilir veya hi\u00e7 ger\u00e7ekle\u015ftirilmeyebilir.<\/p>\n<p>\u015eirket, a\u011f\u0131r ihmali veya kas\u0131tl\u0131 eylemleri nedeniyle olu\u015fmad\u0131\u011f\u0131 s\u00fcrece teknik ar\u0131zalardan sorumlu de\u011fildir. Ancak sistemin istikrarl\u0131 ve g\u00fcvenli bir \u015fekilde \u00e7al\u0131\u015fmas\u0131n\u0131 sa\u011flamak i\u00e7in t\u00fcm olas\u0131 \u00f6nlemleri al\u0131yoruz.<\/p>\n<p>M\u00fc\u015fteri, \u015eirket sistemine y\u00f6nelik siber sald\u0131r\u0131lar\u0131n hizmet kesintilerine ve bunun sonucunda mali kay\u0131plara yol a\u00e7abilece\u011fini anlar. \u015eirket, t\u00fcm makul koruyucu \u00f6nlemler al\u0131nm\u0131\u015fsa bu t\u00fcr sald\u0131r\u0131lar\u0131n sonu\u00e7lar\u0131ndan sorumlu de\u011fildir.<\/p>\n<h2>Yasal ve Vergisel Y\u00fck\u00fcml\u00fcl\u00fckler<\/h2>\n<p>M\u00fc\u015fteri, finansal i\u015flemlerle ilgili olarak \u00fclkesinin yasalar\u0131na uymaktan tek ba\u015f\u0131na sorumludur. Sorumluluklar\u0131 aras\u0131nda, ticari faaliyetleri hakk\u0131nda devlet kurumlar\u0131na bildirimde bulunmak ve kanunen gerekliyse geliri do\u011fru bir \u015fekilde beyan etmek ve vergileri \u00f6demek yer al\u0131r.<\/p>\n<p>M\u00fc\u015fteri, finansal i\u015flemlerle ilgili olarak \u00fclkesinin yasalar\u0131na uymaktan tek ba\u015f\u0131na sorumludur. Sorumluluklar\u0131 aras\u0131nda, ticari faaliyetleri hakk\u0131nda devlet kurumlar\u0131na bildirimde bulunmak ve kanunen gerekliyse geliri do\u011fru bir \u015fekilde beyan etmek ve vergileri \u00f6demek yer al\u0131r.<\/p>\n<h2>M\u00fccbir Sebep Ko\u015fullar\u0131<\/h2>\n<p>\u015eirket, m\u00fccbir sebep ko\u015fullar\u0131 halinde kay\u0131plardan veya fonlar\u0131n tam olarak \u00e7ekilememesinden sorumlu de\u011fildir. Bu t\u00fcr durumlar aras\u0131nda do\u011fal afetler, a\u015f\u0131r\u0131 hava ko\u015fullar\u0131, askeri \u00e7at\u0131\u015fmalar, ter\u00f6rist sald\u0131r\u0131lar, kitlesel isyanlar, devrimler ve piyasalar\u0131n i\u015fleyi\u015fini etkileyen h\u00fck\u00fcmet organlar\u0131 ve \u00fc\u00e7\u00fcnc\u00fc taraflar\u0131n eylemleri yer al\u0131r.<\/p>\n<p>Bu se\u00e7enek metni daha benzersiz hale getirir, okunabilirli\u011fi art\u0131r\u0131r ve bilgileri alg\u0131 kolayl\u0131\u011f\u0131 i\u00e7in yap\u0131land\u0131r\u0131r.<\/p>\n","protected":false},"excerpt":{"rendered":"<p>PrimeTier, bu web sitesinin operat\u00f6r\u00fc olarak, fark s\u00f6zle\u015fmeleri (CFD&#8217;ler) ve Forex piyasas\u0131yla ilgili hizmetler sunmaktad\u0131r.\u0444 CFD ticareti y\u00fcksek riskler i\u00e7erir ve \u00f6nemli finansal kay\u0131plara yol a\u00e7abilir, bu da bu t\u00fcr yat\u0131r\u0131m\u0131 herkes i\u00e7in uygunsuz hale getirir. Olumsuz piyasa ko\u015fullar\u0131 durumunda, yat\u0131rd\u0131\u011f\u0131n\u0131z sermayenin tamam\u0131n\u0131 kaybetme olas\u0131l\u0131\u011f\u0131 vard\u0131r. Bu risk bildirimi, \u015eirket taraf\u0131ndan sa\u011flanan hizmetlerle ili\u015fkili t\u00fcm [&hellip;]<\/p>\n","protected":false},"author":1,"featured_media":0,"parent":0,"menu_order":0,"comment_status":"closed","ping_status":"closed","template":"","meta":{"footnotes":""},"class_list":["post-374","page","type-page","status-publish","hentry"],"acf":[],"_links":{"self":[{"href":"https:\/\/primetier.pro\/tr\/wp-json\/wp\/v2\/pages\/374","targetHints":{"allow":["GET"]}}],"collection":[{"href":"https:\/\/primetier.pro\/tr\/wp-json\/wp\/v2\/pages"}],"about":[{"href":"https:\/\/primetier.pro\/tr\/wp-json\/wp\/v2\/types\/page"}],"author":[{"embeddable":true,"href":"https:\/\/primetier.pro\/tr\/wp-json\/wp\/v2\/users\/1"}],"replies":[{"embeddable":true,"href":"https:\/\/primetier.pro\/tr\/wp-json\/wp\/v2\/comments?post=374"}],"version-history":[{"count":2,"href":"https:\/\/primetier.pro\/tr\/wp-json\/wp\/v2\/pages\/374\/revisions"}],"predecessor-version":[{"id":484,"href":"https:\/\/primetier.pro\/tr\/wp-json\/wp\/v2\/pages\/374\/revisions\/484"}],"wp:attachment":[{"href":"https:\/\/primetier.pro\/tr\/wp-json\/wp\/v2\/media?parent=374"}],"curies":[{"name":"wp","href":"https:\/\/api.w.org\/{rel}","templated":true}]}}